{"id":17,"date":"2020-02-29T20:11:19","date_gmt":"2020-02-29T20:11:19","guid":{"rendered":"https:\/\/trennungsplaner.ch\/?post_type=product&#038;p=17"},"modified":"2020-03-23T21:27:28","modified_gmt":"2020-03-23T21:27:28","slug":"beratung-1-stunde","status":"publish","type":"product","link":"https:\/\/scheidungsplaner.ch\/?product=beratung-1-stunde","title":{"rendered":"Scheidungsberatung 60 Minuten"},"content":{"rendered":"<p>Beim Kauf 60 Minuten Beratung rund um Scheidung liegt es in Ihrer Hand einen maximalen Nutzen aus der Beratung zu ziehen. Das erreichen Sie dadurch, indem Sie vor der Beratung kurz Ihre individuelle Situation beschreiben und Ihre brennendsten Fragen stellen. Der Berater bereitet sich aufgrund dieser Angaben auf das Gespr\u00e4ch vor. Mit diesem Vorgehen wird gew\u00e4hrleistet, dass die Fragen gezielt im Rahmen der telefonischen Beratung gekl\u00e4rt werden k\u00f6nnen.<\/p>\n<p>Sie erhalten Beratung rund um die Trennung:<\/p>\n<ul>\n<li>Rechtliche Aspekte<\/li>\n<li>Unterhaltsberechnung &#8211; weitere Informationen zur Unterhaltsberechnung finden Sie unter <a href=\"http:\/\/https.\/\/alicalc.ch\">AliCalc<\/a><\/li>\n<li>Scheidungskonvention<\/li>\n<li>Vorgehen<\/li>\n<li>etc.<\/li>\n<\/ul>\n<p>Umgehend nach dem Kauf der <strong>60 Minuten Beratung<\/strong>, erhalten Sie per E-Mail:<\/p>\n<ul>\n<li>die Kauf-Best\u00e4tigung<\/li>\n<li>weitere Instruktionen sowie Terminvorschl\u00e4ge f\u00fcr die telefonische Beratung.<\/li>\n<\/ul>\n<p>Damit Sie, wie bereits eingangs erw\u00e4hnt, maximal von der telefonischen Beratung profitieren k\u00f6nnen, antworten Sie bitte auf die Instruktions-E-Mail und erl\u00e4utern Sie kurz Ihre Situation (Zivilstand, ggf. Hochzeitsdatum, ggf. Trennungsdatum, Alter von Ihnen, Ihrem\/Ihrer PartnerIn, ggf. Ihrer Kinder, Absicht Betreuung\/Trennung\/Scheidung, weitere aus Ihrer Sicht relevanter Aspekte) und stellen Sie Ihre konkreten Fragen.<\/p>\n<p>Wenn Sie die Unterhaltsberechnung durchf\u00fchren wollen, k\u00f6nnen Sie zus\u00e4tzlich eine <a href=\"https:\/\/scheidungsplaner.ch\/?product=unterhaltsberechnung-alicacl\" target=\"_blank\" rel=\"noopener noreferrer\">Unterhaltsberechnung<\/a> oder gleich ein Beratungspaket <a href=\"https:\/\/scheidungsplaner.ch\/?product=betreuungsunterhalt-fuer-kinder-unverheirateter-eltern\" target=\"_blank\" rel=\"noopener noreferrer\">Betreuungsunterhalt mit Beratung<\/a> oder <a href=\"https:\/\/scheidungsplaner.ch\/?product=unterhaltsberechnung-bei-trennung\" target=\"_blank\" rel=\"noopener noreferrer\">Scheidungsunterhalt mit Beratung<\/a> kaufen.<\/p>\n","protected":false},"excerpt":{"rendered":"<p>Mit einer Stund Beratung rund um die Aspekte bei Scheidung werden Ihre brennendsten Fragen beantwortet.<\/p>\n","protected":false},"featured_media":156,"template":"","meta":[],"yoast_head":"<!-- This site is optimized with the Yoast SEO plugin v15.0 - https:\/\/yoast.com\/wordpress\/plugins\/seo\/ -->\n<title>Scheidungsplaner - Beratung rund um die Schediung<\/title>\n<meta name=\"description\" content=\"Bei einer Scheidung gibt es viele Fragen - Beratung rund um Scheidung gibt Ihnen Klarheit f\u00fcr Ihre individuelle Situation, bzgl. Vorgehen, Unterhalt, etc.\" \/>\n<meta name=\"robots\" content=\"index, follow, max-snippet:-1, max-image-preview:large, max-video-preview:-1\" \/>\n<link rel=\"canonical\" href=\"https:\/\/scheidungsplaner.ch\/?product=beratung-1-stunde\" \/>\n<meta property=\"og:locale\" content=\"de_DE\" \/>\n<meta property=\"og:type\" content=\"article\" \/>\n<meta property=\"og:title\" content=\"Scheidungsplaner - Beratung rund um die Schediung\" \/>\n<meta property=\"og:description\" content=\"Bei einer Scheidung gibt es viele Fragen - Beratung rund um Scheidung gibt Ihnen Klarheit f\u00fcr Ihre individuelle Situation, bzgl. Vorgehen, Unterhalt, etc.\" \/>\n<meta property=\"og:url\" content=\"https:\/\/scheidungsplaner.ch\/?product=beratung-1-stunde\" \/>\n<meta property=\"article:modified_time\" content=\"2020-03-23T21:27:28+00:00\" \/>\n<meta property=\"og:image\" content=\"https:\/\/scheidungsplaner.ch\/wp-content\/uploads\/2020\/02\/SP-60-min-Beratung.png\" \/>\n\t<meta property=\"og:image:width\" content=\"400\" \/>\n\t<meta property=\"og:image:height\" content=\"300\" \/>\n<meta name=\"twitter:card\" content=\"summary_large_image\" \/>\n<script type=\"application\/ld+json\" class=\"yoast-schema-graph\">{\"@context\":\"https:\/\/schema.org\",\"@graph\":[{\"@type\":\"Organization\",\"@id\":\"https:\/\/scheidungsplaner.ch\/#organization\",\"name\":\"Trennungsplaner.ch\",\"url\":\"https:\/\/scheidungsplaner.ch\/\",\"sameAs\":[],\"logo\":{\"@type\":\"ImageObject\",\"@id\":\"https:\/\/scheidungsplaner.ch\/#logo\",\"inLanguage\":\"de\",\"url\":\"\",\"caption\":\"Trennungsplaner.ch\"},\"image\":{\"@id\":\"https:\/\/scheidungsplaner.ch\/#logo\"}},{\"@type\":\"WebSite\",\"@id\":\"https:\/\/scheidungsplaner.ch\/#website\",\"url\":\"https:\/\/scheidungsplaner.ch\/\",\"name\":\"\",\"description\":\"Die Site rund um Scheidung\",\"publisher\":{\"@id\":\"https:\/\/scheidungsplaner.ch\/#organization\"},\"potentialAction\":[{\"@type\":\"SearchAction\",\"target\":\"https:\/\/scheidungsplaner.ch\/?s={search_term_string}\",\"query-input\":\"required name=search_term_string\"}],\"inLanguage\":\"de\"},{\"@type\":\"ImageObject\",\"@id\":\"https:\/\/scheidungsplaner.ch\/?product=beratung-1-stunde#primaryimage\",\"inLanguage\":\"de\",\"url\":\"https:\/\/scheidungsplaner.ch\/wp-content\/uploads\/2020\/02\/SP-60-min-Beratung.png\",\"width\":400,\"height\":300,\"caption\":\"Beratung Scheidung 60 Minuten\"},{\"@type\":\"WebPage\",\"@id\":\"https:\/\/scheidungsplaner.ch\/?product=beratung-1-stunde#webpage\",\"url\":\"https:\/\/scheidungsplaner.ch\/?product=beratung-1-stunde\",\"name\":\"Scheidungsplaner - Beratung rund um die Schediung\",\"isPartOf\":{\"@id\":\"https:\/\/scheidungsplaner.ch\/#website\"},\"primaryImageOfPage\":{\"@id\":\"https:\/\/scheidungsplaner.ch\/?product=beratung-1-stunde#primaryimage\"},\"datePublished\":\"2020-02-29T20:11:19+00:00\",\"dateModified\":\"2020-03-23T21:27:28+00:00\",\"description\":\"Bei einer Scheidung gibt es viele Fragen - Beratung rund um Scheidung gibt Ihnen Klarheit f\\u00fcr Ihre individuelle Situation, bzgl. Vorgehen, Unterhalt, etc.\",\"inLanguage\":\"de\",\"potentialAction\":[{\"@type\":\"ReadAction\",\"target\":[\"https:\/\/scheidungsplaner.ch\/?product=beratung-1-stunde\"]}]}]}<\/script>\n<!-- \/ Yoast SEO plugin. -->","_links":{"self":[{"href":"https:\/\/scheidungsplaner.ch\/index.php?rest_route=\/wp\/v2\/product\/17"}],"collection":[{"href":"https:\/\/scheidungsplaner.ch\/index.php?rest_route=\/wp\/v2\/product"}],"about":[{"href":"https:\/\/scheidungsplaner.ch\/index.php?rest_route=\/wp\/v2\/types\/product"}],"wp:featuredmedia":[{"embeddable":true,"href":"https:\/\/scheidungsplaner.ch\/index.php?rest_route=\/wp\/v2\/media\/156"}],"wp:attachment":[{"href":"https:\/\/scheidungsplaner.ch\/index.php?rest_route=%2Fwp%2Fv2%2Fmedia&parent=17"}],"curies":[{"name":"wp","href":"https:\/\/api.w.org\/{rel}","templated":true}]}}