{"id":43,"date":"2020-03-01T21:09:37","date_gmt":"2020-03-01T21:09:37","guid":{"rendered":"https:\/\/trennungsplaner.ch\/?page_id=43"},"modified":"2020-03-23T20:17:36","modified_gmt":"2020-03-23T20:17:36","slug":"impressum","status":"publish","type":"page","link":"https:\/\/scheidungsplaner.ch\/?page_id=43","title":{"rendered":"Impressum"},"content":{"rendered":"<h3><span style=\"font-family: verdana, geneva, sans-serif;\">Kontakt<\/span><\/h3>\n<p><span style=\"font-family: verdana, geneva, sans-serif;\">Info@<span style=\"font-family: verdana, geneva, sans-serif; font-size: 12pt;\">Scheidungsplaner<\/span>.ch<\/span><\/p>\n<h3><span style=\"font-family: verdana, geneva, sans-serif;\">Gestaltung &amp; Entwicklung<\/span><\/h3>\n<p><span style=\"font-family: verdana, geneva, sans-serif;\"><span style=\"font-family: verdana, geneva, sans-serif; font-size: 12pt;\">Scheidungsplaner<\/span>.ch<\/span><\/p>\n<h3><span style=\"font-family: verdana, geneva, sans-serif;\">Haftungsausschluss<\/span><\/h3>\n<p><span style=\"font-family: verdana, geneva, sans-serif;\">Der Autor \u00fcbernimmt keinerlei Gew\u00e4hr hinsichtlich der inhaltlichen Richtigkeit, Genauigkeit, Aktualit\u00e4t, Zuverl\u00e4ssigkeit und Vollst\u00e4ndigkeit der Informationen.<\/span><br \/>\n<span style=\"font-family: verdana, geneva, sans-serif;\">Haftungsanspr\u00fcche gegen den Autor wegen Sch\u00e4den materieller oder immaterieller Art, welche aus dem Zugriff oder der Nutzung bzw. Nichtnutzung der ver\u00f6ffentlichten Informationen, durch Missbrauch der Verbindung oder durch technische St\u00f6rungen entstanden sind, werden ausgeschlossen.<\/span><br \/>\n<span style=\"font-family: verdana, geneva, sans-serif;\">Alle Angebote sind unverbindlich. Der Autor beh\u00e4lt es sich ausdr\u00fccklich vor, Teile der Seiten oder das gesamte Angebot ohne gesonderte Ank\u00fcndigung zu ver\u00e4ndern, zu erg\u00e4nzen, zu l\u00f6schen oder die Ver\u00f6ffentlichung zeitweise oder endg\u00fcltig einzustellen.<\/span><br \/>\n<span style=\"font-family: verdana, geneva, sans-serif;\">Verweise und Links auf Webseiten Dritter liegen ausserhalb unseres Verantwortungsbereichs. Es wird jegliche Verantwortung f\u00fcr solche Webseiten abgelehnt. Der Zugriff und die Nutzung solcher Webseiten erfolgen auf eigene Gefahr.<\/span><\/p>\n<h3><span style=\"font-family: verdana, geneva, sans-serif;\">Urheberrechte<\/span><\/h3>\n<p><span style=\"font-family: verdana, geneva, sans-serif;\">Die Urheber- und alle anderen Rechte an Inhalten, Bildern, Fotos oder anderen Dateien auf der Website geh\u00f6ren ausschliesslich <span style=\"font-family: verdana, geneva, sans-serif; font-size: 12pt;\">Scheidungsplaner<\/span>.ch oder den genannten Rechtsinhabern. F\u00fcr die Reproduktion jeglicher Elemente ist die schriftliche Zustimmung der Urheberrechtstr\u00e4ger im Voraus einzuholen.<\/span><\/p>\n","protected":false},"excerpt":{"rendered":"<p>Kontakt Info@Scheidungsplaner.ch Gestaltung &amp; Entwicklung Scheidungsplaner.ch Haftungsausschluss Der Autor \u00fcbernimmt keinerlei Gew\u00e4hr hinsichtlich der inhaltlichen Richtigkeit, Genauigkeit, Aktualit\u00e4t, Zuverl\u00e4ssigkeit und Vollst\u00e4ndigkeit der Informationen. Haftungsanspr\u00fcche gegen den Autor wegen Sch\u00e4den materieller oder immaterieller Art, welche aus dem Zugriff oder der Nutzung bzw. Nichtnutzung der ver\u00f6ffentlichten Informationen, durch Missbrauch der Verbindung oder durch technische St\u00f6rungen entstanden sind, [&hellip;]<\/p>\n","protected":false},"author":1,"featured_media":0,"parent":0,"menu_order":0,"comment_status":"closed","ping_status":"closed","template":"","meta":{"footnotes":""},"yoast_head":"<!-- This site is optimized with the Yoast SEO plugin v15.0 - https:\/\/yoast.com\/wordpress\/plugins\/seo\/ -->\n<title>Impressum &middot;<\/title>\n<meta name=\"robots\" content=\"noindex, nofollow\" \/>\n<meta property=\"og:locale\" content=\"de_DE\" \/>\n<meta property=\"og:type\" content=\"article\" \/>\n<meta property=\"og:title\" content=\"Impressum &middot;\" \/>\n<meta property=\"og:description\" content=\"Kontakt Info@Scheidungsplaner.ch Gestaltung &amp; Entwicklung Scheidungsplaner.ch Haftungsausschluss Der Autor \u00fcbernimmt keinerlei Gew\u00e4hr hinsichtlich der inhaltlichen Richtigkeit, Genauigkeit, Aktualit\u00e4t, Zuverl\u00e4ssigkeit und Vollst\u00e4ndigkeit der Informationen. Haftungsanspr\u00fcche gegen den Autor wegen Sch\u00e4den materieller oder immaterieller Art, welche aus dem Zugriff oder der Nutzung bzw. Nichtnutzung der ver\u00f6ffentlichten Informationen, durch Missbrauch der Verbindung oder durch technische St\u00f6rungen entstanden sind, [&hellip;]\" \/>\n<meta property=\"og:url\" content=\"https:\/\/scheidungsplaner.ch\/?page_id=43\" \/>\n<meta property=\"article:modified_time\" content=\"2020-03-23T20:17:36+00:00\" \/>\n<meta name=\"twitter:card\" content=\"summary_large_image\" \/>\n<script type=\"application\/ld+json\" class=\"yoast-schema-graph\">{\"@context\":\"https:\/\/schema.org\",\"@graph\":[{\"@type\":\"Organization\",\"@id\":\"https:\/\/scheidungsplaner.ch\/#organization\",\"name\":\"Trennungsplaner.ch\",\"url\":\"https:\/\/scheidungsplaner.ch\/\",\"sameAs\":[],\"logo\":{\"@type\":\"ImageObject\",\"@id\":\"https:\/\/scheidungsplaner.ch\/#logo\",\"inLanguage\":\"de\",\"url\":\"\",\"caption\":\"Trennungsplaner.ch\"},\"image\":{\"@id\":\"https:\/\/scheidungsplaner.ch\/#logo\"}},{\"@type\":\"WebSite\",\"@id\":\"https:\/\/scheidungsplaner.ch\/#website\",\"url\":\"https:\/\/scheidungsplaner.ch\/\",\"name\":\"\",\"description\":\"Die Site rund um Scheidung\",\"publisher\":{\"@id\":\"https:\/\/scheidungsplaner.ch\/#organization\"},\"potentialAction\":[{\"@type\":\"SearchAction\",\"target\":\"https:\/\/scheidungsplaner.ch\/?s={search_term_string}\",\"query-input\":\"required name=search_term_string\"}],\"inLanguage\":\"de\"},{\"@type\":\"WebPage\",\"@id\":\"https:\/\/scheidungsplaner.ch\/?page_id=43#webpage\",\"url\":\"https:\/\/scheidungsplaner.ch\/?page_id=43\",\"name\":\"Impressum &middot;\",\"isPartOf\":{\"@id\":\"https:\/\/scheidungsplaner.ch\/#website\"},\"datePublished\":\"2020-03-01T21:09:37+00:00\",\"dateModified\":\"2020-03-23T20:17:36+00:00\",\"inLanguage\":\"de\",\"potentialAction\":[{\"@type\":\"ReadAction\",\"target\":[\"https:\/\/scheidungsplaner.ch\/?page_id=43\"]}]}]}<\/script>\n<!-- \/ Yoast SEO plugin. -->","_links":{"self":[{"href":"https:\/\/scheidungsplaner.ch\/index.php?rest_route=\/wp\/v2\/pages\/43"}],"collection":[{"href":"https:\/\/scheidungsplaner.ch\/index.php?rest_route=\/wp\/v2\/pages"}],"about":[{"href":"https:\/\/scheidungsplaner.ch\/index.php?rest_route=\/wp\/v2\/types\/page"}],"author":[{"embeddable":true,"href":"https:\/\/scheidungsplaner.ch\/index.php?rest_route=\/wp\/v2\/users\/1"}],"replies":[{"embeddable":true,"href":"https:\/\/scheidungsplaner.ch\/index.php?rest_route=%2Fwp%2Fv2%2Fcomments&post=43"}],"version-history":[{"count":4,"href":"https:\/\/scheidungsplaner.ch\/index.php?rest_route=\/wp\/v2\/pages\/43\/revisions"}],"predecessor-version":[{"id":149,"href":"https:\/\/scheidungsplaner.ch\/index.php?rest_route=\/wp\/v2\/pages\/43\/revisions\/149"}],"wp:attachment":[{"href":"https:\/\/scheidungsplaner.ch\/index.php?rest_route=%2Fwp%2Fv2%2Fmedia&parent=43"}],"curies":[{"name":"wp","href":"https:\/\/api.w.org\/{rel}","templated":true}]}}