{"id":2,"date":"2020-02-28T22:05:07","date_gmt":"2020-02-28T22:05:07","guid":{"rendered":"https:\/\/trennungsplaner.ch\/?page_id=2"},"modified":"2020-04-15T20:28:37","modified_gmt":"2020-04-15T20:28:37","slug":"sample-page","status":"publish","type":"page","link":"https:\/\/scheidungsplaner.ch\/","title":{"rendered":"Scheidungsplaner"},"content":{"rendered":"\r\n<p style=\"text-align: center;\"><span style=\"font-family: verdana, geneva, sans-serif;\"><span style=\"font-size: 24px;\"><div class=\"su-box su-box-style-soft\" id=\"\" style=\"border-color:#000000;border-radius:3px\"><div class=\"su-box-title\" style=\"background-color:#333333;color:#FFFFFF;border-top-left-radius:1px;border-top-right-radius:1px\">Der Scheidungsplaner f\u00fcr die Schweiz<\/div><div class=\"su-box-content su-u-clearfix su-u-trim\" style=\"border-bottom-left-radius:1px;border-bottom-right-radius:1px\"><\/span><\/span><\/p>\r\n<p style=\"text-align: center;\"><span style=\"font-family: verdana, geneva, sans-serif;\"><span style=\"font-size: 24px;\">Scheidung zieht Konsequenzen nach sich!\u00a0<\/span><\/span><\/p>\r\n<p style=\"text-align: center;\"><span style=\"font-family: verdana, geneva, sans-serif;\"><span style=\"font-size: 24px;\"> Um Fehler zu vermeiden muss die Scheidung gut \u00fcberlegt und geplant werden.<\/span><\/span><\/p>\r\n<p style=\"text-align: center;\"><span style=\"font-family: verdana, geneva, sans-serif;\"><span style=\"font-size: 24px;\">Der Scheidungsplaner unterst\u00fctzt Sie bei allen Fragen rund um Ihre Scheidung.<\/span><\/span><\/p>\r\n<p style=\"text-align: center;\"><span style=\"font-family: verdana, geneva, sans-serif;\"><span style=\"font-size: 24px;\"><\/div><\/div><\/span><\/span><\/p>\r\n<h3><span style=\"font-family: verdana, geneva, sans-serif;\">Scheidungsplaner &#8211; darum geht&#8217;s<\/span><\/h3>\r\n<p><span style=\"font-family: verdana, geneva, sans-serif;\">Eine Scheidung dient in der Regel dazu sich \u00fcber die Situation in der Partnerschaft ins Klare zu kommen. Beim <span style=\"font-family: verdana, geneva, sans-serif; font-size: 12pt;\">Scheidungsplaner <\/span>finden Sie die wesentlichen Informationen zum Thema Scheidung, Konsequenzen, M\u00f6glichkeiten, Vorgehen und vielem mehr.\u00a0<\/span><\/p>\r\n<p><span style=\"font-family: verdana, geneva, sans-serif;\">Eine Scheidung ist eine einschneidende Entscheidung, umso mehr, wenn Kinder involviert sind. Es kommen Fragen auf wie, wer bleibt in der Wohnung, resp. im Haus, beim wem leben die Kinder, wie wird ein zweiter Haushalt finanziert, wie sieht die Rechtslage aus, bis hin zu Versicherungs- und Steuerfragen. <\/span><\/p>\r\n<p><span style=\"font-family: verdana, geneva, sans-serif;\">Sehr wichtig ist, dass die Partner sich gemeinsam Gedanken \u00fcber die Zukunft machen und m\u00f6glichst einvernehmliche L\u00f6sungen unter Ber\u00fccksichtigung aller Beteiligten, insbesondere der Kinder finden.<\/span><\/p>\r\n<p><span style=\"font-family: verdana, geneva, sans-serif;\">Die wichtigsten Fragen drehen sich in der Regel um die Kinder sowie die Finanzen, resp. den Unterhalt. Der <span style=\"font-family: verdana, geneva, sans-serif; font-size: 12pt;\">Scheidungsplaner<\/span> bietet Ihnen folgende Dienstleistungen an:<\/span><\/p>\r\n<ul>\r\n<li><span style=\"font-family: verdana, geneva, sans-serif;\">Beratung\u00a0<a href=\"https:\/\/scheidungsplaner.ch\/?product=beratung-30-minuten\">30 Minuten<\/a>\u00a0oder\u00a0<a href=\"https:\/\/scheidungsplaner.ch\/?product=beratung-1-stunde\">60 Minuten<\/a><\/span><\/li>\r\n<li><span style=\"font-family: verdana, geneva, sans-serif;\"><a href=\"https:\/\/scheidungsplaner.ch\/?product=unterhaltsberechnung-alicalc\">Unterhaltsberechnung<\/a> mit <a href=\"https:\/\/AliCalc.ch\" target=\"_blank\" rel=\"noopener noreferrer\">AliCalc<\/a><\/span><\/li>\r\n<li><span style=\"font-family: verdana, geneva, sans-serif;\"><a href=\"https:\/\/scheidungsplaner.ch\/?product=betreuungsunterhalt-fuer-kinder-unverheirateter-eltern\">Beratung und Berechnung Betreuungsunterhalt<\/a><\/span><\/li>\r\n<li><a href=\"https:\/\/scheidungsplaner.ch\/?product=unterhaltsberechnung-bei-trennung\"><span style=\"font-family: verdana, geneva, sans-serif;\">Beratung und Berechnung Scheidungsunterhalt<\/span><\/a><\/li>\r\n<\/ul>\r\n<p>Eine Scheidung ist ultimativ &#8211; sind Sie sich ggf. noch nicht schl\u00fcssig, ob die Scheidung der richtige Weg ist, kann mit einer Trennung etwas Abstand gewonnen und die Situation neu beurteilt werden. Mehr zur Trennung finden Sie beim <a href=\"https:\/\/Trennungsplaner.ch\">Trennungsplaner<\/a>.<\/p>\r\n<p>Unabh\u00e4ngig von Trennung oder Scheidung ist die Unterhaltsberechnung ein zentrales Thema &#8211; mehr dazu sowie zum Betreuungsunterhalt finden Sie bei <a href=\"https:\/\/AliCalc.ch\">AliCalc<\/a>.<\/p>\r\n","protected":false},"excerpt":{"rendered":"<p>Scheidungsplaner &#8211; darum geht&#8217;s Eine Scheidung dient in der Regel dazu sich \u00fcber die Situation in der Partnerschaft ins Klare zu kommen. Beim Scheidungsplaner finden Sie die wesentlichen Informationen zum Thema Scheidung, Konsequenzen, M\u00f6glichkeiten, Vorgehen und vielem mehr.\u00a0 Eine Scheidung ist eine einschneidende Entscheidung, umso mehr, wenn Kinder involviert sind. Es kommen Fragen auf wie, [&hellip;]<\/p>\n","protected":false},"author":1,"featured_media":0,"parent":0,"menu_order":0,"comment_status":"closed","ping_status":"closed","template":"","meta":{"footnotes":""},"yoast_head":"<!-- This site is optimized with the Yoast SEO plugin v15.0 - https:\/\/yoast.com\/wordpress\/plugins\/seo\/ -->\n<title>Scheidungsplaner - eine Scheidung will gut \u00fcberlegt und geplant sein<\/title>\n<meta name=\"description\" content=\"Der Scheidungsplaner unterst\u00fctzt Sie bei allen Fragen rund um die Scheidung, Konsequenzen, Ablauf, Unterhaltsberechnung und worauf es im Besonderen ankommt!\" \/>\n<meta name=\"robots\" content=\"index, follow, max-snippet:-1, max-image-preview:large, max-video-preview:-1\" \/>\n<link rel=\"canonical\" href=\"https:\/\/scheidungsplaner.ch\/\" \/>\n<meta property=\"og:locale\" content=\"de_DE\" \/>\n<meta property=\"og:type\" content=\"article\" \/>\n<meta property=\"og:title\" content=\"Scheidungsplaner - eine Scheidung will gut \u00fcberlegt und geplant sein\" \/>\n<meta property=\"og:description\" content=\"Der Scheidungsplaner unterst\u00fctzt Sie bei allen Fragen rund um die Scheidung, Konsequenzen, Ablauf, Unterhaltsberechnung und worauf es im Besonderen ankommt!\" \/>\n<meta property=\"og:url\" content=\"https:\/\/scheidungsplaner.ch\/\" \/>\n<meta property=\"article:modified_time\" content=\"2020-04-15T20:28:37+00:00\" \/>\n<meta name=\"twitter:card\" content=\"summary_large_image\" \/>\n<script type=\"application\/ld+json\" class=\"yoast-schema-graph\">{\"@context\":\"https:\/\/schema.org\",\"@graph\":[{\"@type\":\"Organization\",\"@id\":\"https:\/\/scheidungsplaner.ch\/#organization\",\"name\":\"Trennungsplaner.ch\",\"url\":\"https:\/\/scheidungsplaner.ch\/\",\"sameAs\":[],\"logo\":{\"@type\":\"ImageObject\",\"@id\":\"https:\/\/scheidungsplaner.ch\/#logo\",\"inLanguage\":\"de\",\"url\":\"\",\"caption\":\"Trennungsplaner.ch\"},\"image\":{\"@id\":\"https:\/\/scheidungsplaner.ch\/#logo\"}},{\"@type\":\"WebSite\",\"@id\":\"https:\/\/scheidungsplaner.ch\/#website\",\"url\":\"https:\/\/scheidungsplaner.ch\/\",\"name\":\"\",\"description\":\"Die Site rund um Scheidung\",\"publisher\":{\"@id\":\"https:\/\/scheidungsplaner.ch\/#organization\"},\"potentialAction\":[{\"@type\":\"SearchAction\",\"target\":\"https:\/\/scheidungsplaner.ch\/?s={search_term_string}\",\"query-input\":\"required name=search_term_string\"}],\"inLanguage\":\"de\"},{\"@type\":\"WebPage\",\"@id\":\"https:\/\/scheidungsplaner.ch\/#webpage\",\"url\":\"https:\/\/scheidungsplaner.ch\/\",\"name\":\"Scheidungsplaner - eine Scheidung will gut \\u00fcberlegt und geplant sein\",\"isPartOf\":{\"@id\":\"https:\/\/scheidungsplaner.ch\/#website\"},\"datePublished\":\"2020-02-28T22:05:07+00:00\",\"dateModified\":\"2020-04-15T20:28:37+00:00\",\"description\":\"Der Scheidungsplaner unterst\\u00fctzt Sie bei allen Fragen rund um die Scheidung, Konsequenzen, Ablauf, Unterhaltsberechnung und worauf es im Besonderen ankommt!\",\"inLanguage\":\"de\",\"potentialAction\":[{\"@type\":\"ReadAction\",\"target\":[\"https:\/\/scheidungsplaner.ch\/\"]}]}]}<\/script>\n<!-- \/ Yoast SEO plugin. -->","_links":{"self":[{"href":"https:\/\/scheidungsplaner.ch\/index.php?rest_route=\/wp\/v2\/pages\/2"}],"collection":[{"href":"https:\/\/scheidungsplaner.ch\/index.php?rest_route=\/wp\/v2\/pages"}],"about":[{"href":"https:\/\/scheidungsplaner.ch\/index.php?rest_route=\/wp\/v2\/types\/page"}],"author":[{"embeddable":true,"href":"https:\/\/scheidungsplaner.ch\/index.php?rest_route=\/wp\/v2\/users\/1"}],"replies":[{"embeddable":true,"href":"https:\/\/scheidungsplaner.ch\/index.php?rest_route=%2Fwp%2Fv2%2Fcomments&post=2"}],"version-history":[{"count":21,"href":"https:\/\/scheidungsplaner.ch\/index.php?rest_route=\/wp\/v2\/pages\/2\/revisions"}],"predecessor-version":[{"id":189,"href":"https:\/\/scheidungsplaner.ch\/index.php?rest_route=\/wp\/v2\/pages\/2\/revisions\/189"}],"wp:attachment":[{"href":"https:\/\/scheidungsplaner.ch\/index.php?rest_route=%2Fwp%2Fv2%2Fmedia&parent=2"}],"curies":[{"name":"wp","href":"https:\/\/api.w.org\/{rel}","templated":true}]}}